{"id":114,"date":"2023-01-06T12:03:03","date_gmt":"2023-01-06T12:03:03","guid":{"rendered":"https:\/\/boucherie.vamtam.com\/?page_id=114"},"modified":"2025-09-03T11:52:55","modified_gmt":"2025-09-03T11:52:55","slug":"about-us","status":"publish","type":"page","link":"https:\/\/vinkarawines.com\/en\/about-us\/","title":{"rendered":"About Us"},"content":{"rendered":"\t\t<div data-elementor-type=\"wp-page\" data-elementor-id=\"114\" class=\"elementor elementor-114\" data-elementor-post-type=\"page\">\n\t\t\t\t\t\t<section class=\"elementor-section elementor-top-section elementor-element elementor-element-3421e2c elementor-section-full_width elementor-section-height-min-height elementor-section-height-default elementor-section-items-middle\" data-id=\"3421e2c\" data-element_type=\"section\" data-settings=\"{&quot;background_background&quot;:&quot;classic&quot;}\">\n\t\t\t\t\t\t\t<div class=\"elementor-background-overlay\"><\/div>\n\t\t\t\t\t\t\t<div class=\"elementor-container elementor-column-gap-default\">\n\t\t\t\t\t<div data-ra-url=\"https:\/\/vinkarawines.com\/en\/about\/team\/\" data-ra-target=\"_self\" class=\"ra-clickable-wrapper elementor-column elementor-col-100 elementor-top-column elementor-element elementor-element-5cf2f18\" style=\"cursor:pointer;\" data-id=\"5cf2f18\" data-element_type=\"column\">\n\t\t\t<div class=\"elementor-widget-wrap elementor-element-populated\">\n\t\t\t\t\t\t<div class=\"elementor-element elementor-element-c8967ad elementor-widget elementor-widget-heading\" data-id=\"c8967ad\" data-element_type=\"widget\" data-widget_type=\"heading.default\">\n\t\t\t\t<div class=\"elementor-widget-container\">\n\t\t\t\t\t<h1 class=\"elementor-heading-title elementor-size-default\">ABOUT V\u0130NKARA<\/h1>\t\t\t\t<\/div>\n\t\t\t\t<\/div>\n\t\t\t\t\t<\/div>\n\t\t<\/div>\n\t\t\t\t\t<\/div>\n\t\t<\/section>\n\t\t\t\t<section class=\"elementor-section elementor-top-section elementor-element elementor-element-964b894 elementor-section-full_width elementor-section-height-default elementor-section-height-default\" data-id=\"964b894\" data-element_type=\"section\">\n\t\t\t\t\t\t<div class=\"elementor-container elementor-column-gap-default\">\n\t\t\t\t\t<div data-ra-url=\"https:\/\/vinkarawines.com\/en\/about-us\/our-story-values\/\" data-ra-target=\"_self\" class=\"ra-clickable-wrapper elementor-column elementor-col-50 elementor-top-column elementor-element elementor-element-a6dcabc animated-slow elementor-invisible\" style=\"cursor:pointer;\" data-id=\"a6dcabc\" data-element_type=\"column\" data-settings=\"{&quot;animation&quot;:&quot;fadeInUp&quot;}\">\n\t\t\t<div class=\"elementor-widget-wrap elementor-element-populated\">\n\t\t\t\t\t\t<div class=\"elementor-element elementor-element-e2861e5 elementor-widget elementor-widget-image\" data-id=\"e2861e5\" data-element_type=\"widget\" data-widget_type=\"image.default\">\n\t\t\t\t<div class=\"elementor-widget-container\">\n\t\t\t\t\t\t\t\t\t\t\t\t\t\t\t<img fetchpriority=\"high\" decoding=\"async\" width=\"2000\" height=\"1460\" src=\"https:\/\/vinkarawines.com\/en\/wp-content\/uploads\/2025\/02\/values.jpg\" class=\"attachment-full size-full wp-image-990910\" alt=\"\" srcset=\"https:\/\/vinkarawines.com\/en\/wp-content\/uploads\/2025\/02\/values.jpg 2000w, https:\/\/vinkarawines.com\/en\/wp-content\/uploads\/2025\/02\/values-300x219.jpg 300w, https:\/\/vinkarawines.com\/en\/wp-content\/uploads\/2025\/02\/values-1024x748.jpg 1024w, https:\/\/vinkarawines.com\/en\/wp-content\/uploads\/2025\/02\/values-768x561.jpg 768w, https:\/\/vinkarawines.com\/en\/wp-content\/uploads\/2025\/02\/values-1536x1121.jpg 1536w\" sizes=\"(max-width: 2000px) 100vw, 2000px\" \/>\t\t\t\t\t\t\t\t\t\t\t\t\t\t\t<\/div>\n\t\t\t\t<\/div>\n\t\t\t\t<div class=\"elementor-element elementor-element-11db294 elementor-widget elementor-widget-heading\" data-id=\"11db294\" data-element_type=\"widget\" data-widget_type=\"heading.default\">\n\t\t\t\t<div class=\"elementor-widget-container\">\n\t\t\t\t\t<h5 class=\"elementor-heading-title elementor-size-default\">Our Story &amp; Values<\/h5>\t\t\t\t<\/div>\n\t\t\t\t<\/div>\n\t\t\t\t<div class=\"elementor-element elementor-element-d2eb8d3 elementor-widget elementor-widget-eael-creative-button\" data-id=\"d2eb8d3\" data-element_type=\"widget\" data-widget_type=\"eael-creative-button.default\">\n\t\t\t\t<div class=\"elementor-widget-container\">\n\t\t\t\t\t        <div class=\"eael-creative-button-wrapper\">\n\n            <a class=\"eael-creative-button eael-creative-button--default\" href=\"https:\/\/vinkarawines.com\/en\/about-us\/our-story-values\/\" data-text=\"Go!\">\n            \t    \n                <div class=\"creative-button-inner\">\n\n                    \n                    <span class=\"cretive-button-text\">Learn more<\/span>\n\n                                            <span class=\"eael-creative-button-icon-right\"><i aria-hidden=\"true\" class=\"vamtamtheme- vamtam-theme-arrow-right\"><\/i><\/span>                                    <\/div>\n\t                        <\/a>\n        <\/div>\n        \t\t\t\t<\/div>\n\t\t\t\t<\/div>\n\t\t\t\t\t<\/div>\n\t\t<\/div>\n\t\t\t\t<div data-ra-url=\"https:\/\/vinkarawines.com\/en\/about-us\/our-production-and-winery\/\" data-ra-target=\"_self\" class=\"ra-clickable-wrapper elementor-column elementor-col-50 elementor-top-column elementor-element elementor-element-4a7f0e9 animated-slow elementor-invisible\" style=\"cursor:pointer;\" data-id=\"4a7f0e9\" data-element_type=\"column\" data-settings=\"{&quot;animation&quot;:&quot;fadeInUp&quot;}\">\n\t\t\t<div class=\"elementor-widget-wrap elementor-element-populated\">\n\t\t\t\t\t\t<div class=\"elementor-element elementor-element-499ecd2 elementor-widget elementor-widget-image\" data-id=\"499ecd2\" data-element_type=\"widget\" data-widget_type=\"image.default\">\n\t\t\t\t<div class=\"elementor-widget-container\">\n\t\t\t\t\t\t\t\t\t\t\t\t\t\t\t<img decoding=\"async\" width=\"2000\" height=\"1460\" src=\"https:\/\/vinkarawines.com\/en\/wp-content\/uploads\/2024\/10\/2-2.jpg\" class=\"attachment-full size-full wp-image-989367\" alt=\"\" srcset=\"https:\/\/vinkarawines.com\/en\/wp-content\/uploads\/2024\/10\/2-2.jpg 2000w, https:\/\/vinkarawines.com\/en\/wp-content\/uploads\/2024\/10\/2-2-300x219.jpg 300w, https:\/\/vinkarawines.com\/en\/wp-content\/uploads\/2024\/10\/2-2-1024x748.jpg 1024w, https:\/\/vinkarawines.com\/en\/wp-content\/uploads\/2024\/10\/2-2-768x561.jpg 768w, https:\/\/vinkarawines.com\/en\/wp-content\/uploads\/2024\/10\/2-2-1536x1121.jpg 1536w\" sizes=\"(max-width: 2000px) 100vw, 2000px\" \/>\t\t\t\t\t\t\t\t\t\t\t\t\t\t\t<\/div>\n\t\t\t\t<\/div>\n\t\t\t\t<div class=\"elementor-element elementor-element-8d1a920 elementor-widget elementor-widget-heading\" data-id=\"8d1a920\" data-element_type=\"widget\" data-widget_type=\"heading.default\">\n\t\t\t\t<div class=\"elementor-widget-container\">\n\t\t\t\t\t<h5 class=\"elementor-heading-title elementor-size-default\">Our Production and Winery<\/h5>\t\t\t\t<\/div>\n\t\t\t\t<\/div>\n\t\t\t\t<div class=\"elementor-element elementor-element-0111c39 elementor-widget elementor-widget-eael-creative-button\" data-id=\"0111c39\" data-element_type=\"widget\" data-widget_type=\"eael-creative-button.default\">\n\t\t\t\t<div class=\"elementor-widget-container\">\n\t\t\t\t\t        <div class=\"eael-creative-button-wrapper\">\n\n            <a class=\"eael-creative-button eael-creative-button--default\" href=\"https:\/\/vinkarawines.com\/en\/about-us\/our-production-and-winery\/\" data-text=\"Go!\">\n            \t    \n                <div class=\"creative-button-inner\">\n\n                    \n                    <span class=\"cretive-button-text\">Learn more<\/span>\n\n                                            <span class=\"eael-creative-button-icon-right\"><i aria-hidden=\"true\" class=\"vamtamtheme- vamtam-theme-arrow-right\"><\/i><\/span>                                    <\/div>\n\t                        <\/a>\n        <\/div>\n        \t\t\t\t<\/div>\n\t\t\t\t<\/div>\n\t\t\t\t\t<\/div>\n\t\t<\/div>\n\t\t\t\t\t<\/div>\n\t\t<\/section>\n\t\t\t\t<section class=\"elementor-section elementor-top-section elementor-element elementor-element-fd7be1e elementor-section-full_width elementor-section-height-default elementor-section-height-default\" data-id=\"fd7be1e\" data-element_type=\"section\">\n\t\t\t\t\t\t<div class=\"elementor-container elementor-column-gap-default\">\n\t\t\t\t\t<div data-ra-url=\"https:\/\/vinkarawines.com\/en\/about-us\/marcho-monchiero\/\" data-ra-target=\"_self\" class=\"ra-clickable-wrapper elementor-column elementor-col-50 elementor-top-column elementor-element elementor-element-8e163ef animated-slow elementor-invisible\" style=\"cursor:pointer;\" data-id=\"8e163ef\" data-element_type=\"column\" data-settings=\"{&quot;animation&quot;:&quot;fadeInUp&quot;}\">\n\t\t\t<div class=\"elementor-widget-wrap elementor-element-populated\">\n\t\t\t\t\t\t<div class=\"elementor-element elementor-element-007340e elementor-widget elementor-widget-image\" data-id=\"007340e\" data-element_type=\"widget\" data-widget_type=\"image.default\">\n\t\t\t\t<div class=\"elementor-widget-container\">\n\t\t\t\t\t\t\t\t\t\t\t\t\t\t\t<img decoding=\"async\" width=\"1000\" height=\"730\" src=\"https:\/\/vinkarawines.com\/en\/wp-content\/uploads\/2024\/09\/Marcho-Moncihero.jpg\" class=\"attachment-full size-full wp-image-988204\" alt=\"\" srcset=\"https:\/\/vinkarawines.com\/en\/wp-content\/uploads\/2024\/09\/Marcho-Moncihero.jpg 1000w, https:\/\/vinkarawines.com\/en\/wp-content\/uploads\/2024\/09\/Marcho-Moncihero-300x219.jpg 300w, https:\/\/vinkarawines.com\/en\/wp-content\/uploads\/2024\/09\/Marcho-Moncihero-768x561.jpg 768w\" sizes=\"(max-width: 1000px) 100vw, 1000px\" \/>\t\t\t\t\t\t\t\t\t\t\t\t\t\t\t<\/div>\n\t\t\t\t<\/div>\n\t\t\t\t<div class=\"elementor-element elementor-element-ed76d0c elementor-widget elementor-widget-heading\" data-id=\"ed76d0c\" data-element_type=\"widget\" data-widget_type=\"heading.default\">\n\t\t\t\t<div class=\"elementor-widget-container\">\n\t\t\t\t\t<h5 class=\"elementor-heading-title elementor-size-default\">Marcho Monchiero<\/h5>\t\t\t\t<\/div>\n\t\t\t\t<\/div>\n\t\t\t\t<div class=\"elementor-element elementor-element-802a5a6 elementor-widget elementor-widget-eael-creative-button\" data-id=\"802a5a6\" data-element_type=\"widget\" data-widget_type=\"eael-creative-button.default\">\n\t\t\t\t<div class=\"elementor-widget-container\">\n\t\t\t\t\t        <div class=\"eael-creative-button-wrapper\">\n\n            <a class=\"eael-creative-button eael-creative-button--default\" href=\"https:\/\/vinkarawines.com\/en\/about-us\/marcho-monchiero\/\" data-text=\"Go!\">\n            \t    \n                <div class=\"creative-button-inner\">\n\n                    \n                    <span class=\"cretive-button-text\">Learn more<\/span>\n\n                                            <span class=\"eael-creative-button-icon-right\"><i aria-hidden=\"true\" class=\"vamtamtheme- vamtam-theme-arrow-right\"><\/i><\/span>                                    <\/div>\n\t                        <\/a>\n        <\/div>\n        \t\t\t\t<\/div>\n\t\t\t\t<\/div>\n\t\t\t\t\t<\/div>\n\t\t<\/div>\n\t\t\t\t<div class=\"elementor-column elementor-col-50 elementor-top-column elementor-element elementor-element-c550fe3 animated-slow elementor-invisible\" data-id=\"c550fe3\" data-element_type=\"column\" data-settings=\"{&quot;animation&quot;:&quot;fadeInUp&quot;}\">\n\t\t\t<div class=\"elementor-widget-wrap elementor-element-populated\">\n\t\t\t\t\t\t<div class=\"elementor-element elementor-element-72bab66 elementor-widget elementor-widget-image\" data-id=\"72bab66\" data-element_type=\"widget\" data-widget_type=\"image.default\">\n\t\t\t\t<div class=\"elementor-widget-container\">\n\t\t\t\t\t\t\t\t\t\t\t\t\t\t\t<img loading=\"lazy\" decoding=\"async\" width=\"1000\" height=\"730\" src=\"https:\/\/vinkarawines.com\/en\/wp-content\/uploads\/2024\/10\/ardic-1000-x-1000-piksel.jpg\" class=\"attachment-full size-full wp-image-990013\" alt=\"\" srcset=\"https:\/\/vinkarawines.com\/en\/wp-content\/uploads\/2024\/10\/ardic-1000-x-1000-piksel.jpg 1000w, https:\/\/vinkarawines.com\/en\/wp-content\/uploads\/2024\/10\/ardic-1000-x-1000-piksel-300x219.jpg 300w, https:\/\/vinkarawines.com\/en\/wp-content\/uploads\/2024\/10\/ardic-1000-x-1000-piksel-768x561.jpg 768w\" sizes=\"(max-width: 1000px) 100vw, 1000px\" \/>\t\t\t\t\t\t\t\t\t\t\t\t\t\t\t<\/div>\n\t\t\t\t<\/div>\n\t\t\t\t<div class=\"elementor-element elementor-element-4b6dc7f elementor-widget elementor-widget-heading\" data-id=\"4b6dc7f\" data-element_type=\"widget\" data-widget_type=\"heading.default\">\n\t\t\t\t<div class=\"elementor-widget-container\">\n\t\t\t\t\t<h5 class=\"elementor-heading-title elementor-size-default\">Ard\u0131\u00e7 G\u00fcrsel<\/h5>\t\t\t\t<\/div>\n\t\t\t\t<\/div>\n\t\t\t\t<div class=\"elementor-element elementor-element-938c5d5 elementor-widget elementor-widget-eael-creative-button\" data-id=\"938c5d5\" data-element_type=\"widget\" data-widget_type=\"eael-creative-button.default\">\n\t\t\t\t<div class=\"elementor-widget-container\">\n\t\t\t\t\t        <div class=\"eael-creative-button-wrapper\">\n\n            <a class=\"eael-creative-button eael-creative-button--default\" href=\"#\" data-text=\"Go!\">\n            \t    \n                <div class=\"creative-button-inner\">\n\n                    \n                    <span class=\"cretive-button-text\">Learn more<\/span>\n\n                                            <span class=\"eael-creative-button-icon-right\"><i aria-hidden=\"true\" class=\"vamtamtheme- vamtam-theme-arrow-right\"><\/i><\/span>                                    <\/div>\n\t                        <\/a>\n        <\/div>\n        \t\t\t\t<\/div>\n\t\t\t\t<\/div>\n\t\t\t\t\t<\/div>\n\t\t<\/div>\n\t\t\t\t\t<\/div>\n\t\t<\/section>\n\t\t\t\t<section class=\"elementor-section elementor-top-section elementor-element elementor-element-0eece40 elementor-section-full_width elementor-section-height-default elementor-section-height-default\" data-id=\"0eece40\" data-element_type=\"section\">\n\t\t\t\t\t\t<div class=\"elementor-container elementor-column-gap-default\">\n\t\t\t\t\t<div data-ra-url=\"https:\/\/vinkarawines.com\/en\/about-us\/our-dog-shelter\/\" data-ra-target=\"_self\" class=\"ra-clickable-wrapper elementor-column elementor-col-50 elementor-top-column elementor-element elementor-element-e0d7c2e animated-slow elementor-invisible\" style=\"cursor:pointer;\" data-id=\"e0d7c2e\" data-element_type=\"column\" data-settings=\"{&quot;animation&quot;:&quot;fadeInUp&quot;}\">\n\t\t\t<div class=\"elementor-widget-wrap elementor-element-populated\">\n\t\t\t\t\t\t<div class=\"elementor-element elementor-element-d037c87 elementor-widget elementor-widget-image\" data-id=\"d037c87\" data-element_type=\"widget\" data-widget_type=\"image.default\">\n\t\t\t\t<div class=\"elementor-widget-container\">\n\t\t\t\t\t\t\t\t\t\t\t\t\t\t\t<img loading=\"lazy\" decoding=\"async\" width=\"1000\" height=\"730\" src=\"https:\/\/vinkarawines.com\/en\/wp-content\/uploads\/2024\/09\/Barinak.jpg\" class=\"attachment-full size-full wp-image-988206\" alt=\"\" srcset=\"https:\/\/vinkarawines.com\/en\/wp-content\/uploads\/2024\/09\/Barinak.jpg 1000w, https:\/\/vinkarawines.com\/en\/wp-content\/uploads\/2024\/09\/Barinak-300x219.jpg 300w, https:\/\/vinkarawines.com\/en\/wp-content\/uploads\/2024\/09\/Barinak-768x561.jpg 768w\" sizes=\"(max-width: 1000px) 100vw, 1000px\" \/>\t\t\t\t\t\t\t\t\t\t\t\t\t\t\t<\/div>\n\t\t\t\t<\/div>\n\t\t\t\t<div class=\"elementor-element elementor-element-385b361 elementor-widget elementor-widget-heading\" data-id=\"385b361\" data-element_type=\"widget\" data-widget_type=\"heading.default\">\n\t\t\t\t<div class=\"elementor-widget-container\">\n\t\t\t\t\t<h5 class=\"elementor-heading-title elementor-size-default\">Our Dog Shelter<\/h5>\t\t\t\t<\/div>\n\t\t\t\t<\/div>\n\t\t\t\t<div class=\"elementor-element elementor-element-42f1358 elementor-widget elementor-widget-eael-creative-button\" data-id=\"42f1358\" data-element_type=\"widget\" data-widget_type=\"eael-creative-button.default\">\n\t\t\t\t<div class=\"elementor-widget-container\">\n\t\t\t\t\t        <div class=\"eael-creative-button-wrapper\">\n\n            <a class=\"eael-creative-button eael-creative-button--default\" href=\"https:\/\/vinkarawines.com\/en\/about-us\/our-dog-shelter\/\" data-text=\"Go!\">\n            \t    \n                <div class=\"creative-button-inner\">\n\n                    \n                    <span class=\"cretive-button-text\">Learn more<\/span>\n\n                                            <span class=\"eael-creative-button-icon-right\"><i aria-hidden=\"true\" class=\"vamtamtheme- vamtam-theme-arrow-right\"><\/i><\/span>                                    <\/div>\n\t                        <\/a>\n        <\/div>\n        \t\t\t\t<\/div>\n\t\t\t\t<\/div>\n\t\t\t\t\t<\/div>\n\t\t<\/div>\n\t\t\t\t<div data-ra-url=\"https:\/\/vinkarawines.com\/en\/about-us\/projects\/\" data-ra-target=\"_self\" class=\"ra-clickable-wrapper elementor-column elementor-col-50 elementor-top-column elementor-element elementor-element-7be5a90 animated-slow elementor-invisible\" style=\"cursor:pointer;\" data-id=\"7be5a90\" data-element_type=\"column\" data-settings=\"{&quot;animation&quot;:&quot;fadeInUp&quot;}\">\n\t\t\t<div class=\"elementor-widget-wrap elementor-element-populated\">\n\t\t\t\t\t\t<div class=\"elementor-element elementor-element-e0e453b elementor-widget elementor-widget-image\" data-id=\"e0e453b\" data-element_type=\"widget\" data-widget_type=\"image.default\">\n\t\t\t\t<div class=\"elementor-widget-container\">\n\t\t\t\t\t\t\t\t\t\t\t\t\t\t\t<img loading=\"lazy\" decoding=\"async\" width=\"2000\" height=\"1460\" src=\"https:\/\/vinkarawines.com\/en\/wp-content\/uploads\/2025\/02\/projects.jpg\" class=\"attachment-full size-full wp-image-990906\" alt=\"\" srcset=\"https:\/\/vinkarawines.com\/en\/wp-content\/uploads\/2025\/02\/projects.jpg 2000w, https:\/\/vinkarawines.com\/en\/wp-content\/uploads\/2025\/02\/projects-300x219.jpg 300w, https:\/\/vinkarawines.com\/en\/wp-content\/uploads\/2025\/02\/projects-1024x748.jpg 1024w, https:\/\/vinkarawines.com\/en\/wp-content\/uploads\/2025\/02\/projects-768x561.jpg 768w, https:\/\/vinkarawines.com\/en\/wp-content\/uploads\/2025\/02\/projects-1536x1121.jpg 1536w\" sizes=\"(max-width: 2000px) 100vw, 2000px\" \/>\t\t\t\t\t\t\t\t\t\t\t\t\t\t\t<\/div>\n\t\t\t\t<\/div>\n\t\t\t\t<div class=\"elementor-element elementor-element-763809d elementor-widget elementor-widget-heading\" data-id=\"763809d\" data-element_type=\"widget\" data-widget_type=\"heading.default\">\n\t\t\t\t<div class=\"elementor-widget-container\">\n\t\t\t\t\t<h5 class=\"elementor-heading-title elementor-size-default\">Projects<\/h5>\t\t\t\t<\/div>\n\t\t\t\t<\/div>\n\t\t\t\t<div class=\"elementor-element elementor-element-7c76fee elementor-widget elementor-widget-eael-creative-button\" data-id=\"7c76fee\" data-element_type=\"widget\" data-widget_type=\"eael-creative-button.default\">\n\t\t\t\t<div class=\"elementor-widget-container\">\n\t\t\t\t\t        <div class=\"eael-creative-button-wrapper\">\n\n            <a class=\"eael-creative-button eael-creative-button--default\" href=\"https:\/\/vinkarawines.com\/en\/about-us\/projects\/\" data-text=\"Go!\">\n            \t    \n                <div class=\"creative-button-inner\">\n\n                    \n                    <span class=\"cretive-button-text\">Learn more<\/span>\n\n                                            <span class=\"eael-creative-button-icon-right\"><i aria-hidden=\"true\" class=\"vamtamtheme- vamtam-theme-arrow-right\"><\/i><\/span>                                    <\/div>\n\t                        <\/a>\n        <\/div>\n        \t\t\t\t<\/div>\n\t\t\t\t<\/div>\n\t\t\t\t\t<\/div>\n\t\t<\/div>\n\t\t\t\t\t<\/div>\n\t\t<\/section>\n\t\t\t\t<section class=\"elementor-section elementor-top-section elementor-element elementor-element-8b3cf8b elementor-section-full_width elementor-section-height-default elementor-section-height-default\" data-id=\"8b3cf8b\" data-element_type=\"section\">\n\t\t\t\t\t\t<div class=\"elementor-container elementor-column-gap-default\">\n\t\t\t\t\t<div data-ra-url=\"https:\/\/vinkarawines.com\/en\/about-us\/our-team\/\" data-ra-target=\"_self\" class=\"ra-clickable-wrapper elementor-column elementor-col-50 elementor-top-column elementor-element elementor-element-7a1496b animated-slow elementor-invisible\" style=\"cursor:pointer;\" data-id=\"7a1496b\" data-element_type=\"column\" data-settings=\"{&quot;animation&quot;:&quot;fadeInUp&quot;}\">\n\t\t\t<div class=\"elementor-widget-wrap elementor-element-populated\">\n\t\t\t\t\t\t<div class=\"elementor-element elementor-element-ece1f63 elementor-widget elementor-widget-image\" data-id=\"ece1f63\" data-element_type=\"widget\" data-widget_type=\"image.default\">\n\t\t\t\t<div class=\"elementor-widget-container\">\n\t\t\t\t\t\t\t\t\t\t\t\t\t\t\t<img loading=\"lazy\" decoding=\"async\" width=\"2000\" height=\"1460\" src=\"https:\/\/vinkarawines.com\/en\/wp-content\/uploads\/2024\/10\/1-2.jpg\" class=\"attachment-full size-full wp-image-989368\" alt=\"\" srcset=\"https:\/\/vinkarawines.com\/en\/wp-content\/uploads\/2024\/10\/1-2.jpg 2000w, https:\/\/vinkarawines.com\/en\/wp-content\/uploads\/2024\/10\/1-2-300x219.jpg 300w, https:\/\/vinkarawines.com\/en\/wp-content\/uploads\/2024\/10\/1-2-1024x748.jpg 1024w, https:\/\/vinkarawines.com\/en\/wp-content\/uploads\/2024\/10\/1-2-768x561.jpg 768w, https:\/\/vinkarawines.com\/en\/wp-content\/uploads\/2024\/10\/1-2-1536x1121.jpg 1536w\" sizes=\"(max-width: 2000px) 100vw, 2000px\" \/>\t\t\t\t\t\t\t\t\t\t\t\t\t\t\t<\/div>\n\t\t\t\t<\/div>\n\t\t\t\t<div class=\"elementor-element elementor-element-3785374 elementor-widget elementor-widget-heading\" data-id=\"3785374\" data-element_type=\"widget\" data-widget_type=\"heading.default\">\n\t\t\t\t<div class=\"elementor-widget-container\">\n\t\t\t\t\t<h5 class=\"elementor-heading-title elementor-size-default\">Our Team<\/h5>\t\t\t\t<\/div>\n\t\t\t\t<\/div>\n\t\t\t\t<div class=\"elementor-element elementor-element-1a47084 elementor-widget elementor-widget-eael-creative-button\" data-id=\"1a47084\" data-element_type=\"widget\" data-widget_type=\"eael-creative-button.default\">\n\t\t\t\t<div class=\"elementor-widget-container\">\n\t\t\t\t\t        <div class=\"eael-creative-button-wrapper\">\n\n            <a class=\"eael-creative-button eael-creative-button--default\" href=\"https:\/\/vinkarawines.com\/en\/about-us\/our-team\/\" data-text=\"Go!\">\n            \t    \n                <div class=\"creative-button-inner\">\n\n                    \n                    <span class=\"cretive-button-text\">Learn more<\/span>\n\n                                            <span class=\"eael-creative-button-icon-right\"><i aria-hidden=\"true\" class=\"vamtamtheme- vamtam-theme-arrow-right\"><\/i><\/span>                                    <\/div>\n\t                        <\/a>\n        <\/div>\n        \t\t\t\t<\/div>\n\t\t\t\t<\/div>\n\t\t\t\t\t<\/div>\n\t\t<\/div>\n\t\t\t\t<div class=\"elementor-column elementor-col-50 elementor-top-column elementor-element elementor-element-6a8068f\" data-id=\"6a8068f\" data-element_type=\"column\">\n\t\t\t<div class=\"elementor-widget-wrap\">\n\t\t\t\t\t\t\t<\/div>\n\t\t<\/div>\n\t\t\t\t\t<\/div>\n\t\t<\/section>\n\t\t\t\t<\/div>\n\t\t","protected":false},"excerpt":{"rendered":"<p>ABOUT V\u0130NKARA Our Story &amp; Values Learn more Our Production and Winery Learn more Marcho Monchiero Learn more Ard\u0131\u00e7 G\u00fcrsel Learn more Our Dog Shelter Learn more Projects Learn more Our Team Learn more<\/p>\n","protected":false},"author":1,"featured_media":1545,"parent":0,"menu_order":0,"comment_status":"closed","ping_status":"closed","template":"","meta":{"om_disable_all_campaigns":false,"footnotes":""},"class_list":["post-114","page","type-page","status-publish","has-post-thumbnail","hentry"],"aioseo_notices":[],"_links":{"self":[{"href":"https:\/\/vinkarawines.com\/en\/wp-json\/wp\/v2\/pages\/114","targetHints":{"allow":["GET"]}}],"collection":[{"href":"https:\/\/vinkarawines.com\/en\/wp-json\/wp\/v2\/pages"}],"about":[{"href":"https:\/\/vinkarawines.com\/en\/wp-json\/wp\/v2\/types\/page"}],"author":[{"embeddable":true,"href":"https:\/\/vinkarawines.com\/en\/wp-json\/wp\/v2\/users\/1"}],"replies":[{"embeddable":true,"href":"https:\/\/vinkarawines.com\/en\/wp-json\/wp\/v2\/comments?post=114"}],"version-history":[{"count":165,"href":"https:\/\/vinkarawines.com\/en\/wp-json\/wp\/v2\/pages\/114\/revisions"}],"predecessor-version":[{"id":990944,"href":"https:\/\/vinkarawines.com\/en\/wp-json\/wp\/v2\/pages\/114\/revisions\/990944"}],"wp:featuredmedia":[{"embeddable":true,"href":"https:\/\/vinkarawines.com\/en\/wp-json\/wp\/v2\/media\/1545"}],"wp:attachment":[{"href":"https:\/\/vinkarawines.com\/en\/wp-json\/wp\/v2\/media?parent=114"}],"curies":[{"name":"wp","href":"https:\/\/api.w.org\/{rel}","templated":true}]}}