{"id":3368,"date":"2024-09-15T11:26:27","date_gmt":"2024-09-15T08:26:27","guid":{"rendered":"https:\/\/en.vinkarawines.com\/?page_id=3368"},"modified":"2025-09-03T12:00:10","modified_gmt":"2025-09-03T12:00:10","slug":"contact-us","status":"publish","type":"page","link":"https:\/\/vinkarawines.com\/en\/contact-us\/","title":{"rendered":"Contact Us"},"content":{"rendered":"\t\t<div data-elementor-type=\"wp-page\" data-elementor-id=\"3368\" class=\"elementor elementor-3368\" data-elementor-post-type=\"page\">\n\t\t\t\t\t\t<section class=\"elementor-section elementor-top-section elementor-element elementor-element-bdc454b elementor-section-full_width elementor-section-height-min-height elementor-section-height-default elementor-section-items-middle\" data-id=\"bdc454b\" data-element_type=\"section\" data-settings=\"{&quot;background_background&quot;:&quot;classic&quot;}\">\n\t\t\t\t\t\t\t<div class=\"elementor-background-overlay\"><\/div>\n\t\t\t\t\t\t\t<div class=\"elementor-container elementor-column-gap-default\">\n\t\t\t\t\t<div class=\"elementor-column elementor-col-100 elementor-top-column elementor-element elementor-element-fbd5b64\" data-id=\"fbd5b64\" data-element_type=\"column\">\n\t\t\t<div class=\"elementor-widget-wrap elementor-element-populated\">\n\t\t\t\t\t\t<div class=\"elementor-element elementor-element-8a37399 elementor-widget elementor-widget-heading\" data-id=\"8a37399\" data-element_type=\"widget\" data-widget_type=\"heading.default\">\n\t\t\t\t<div class=\"elementor-widget-container\">\n\t\t\t\t\t<h1 class=\"elementor-heading-title elementor-size-default\">CONTACT US<\/h1>\t\t\t\t<\/div>\n\t\t\t\t<\/div>\n\t\t\t\t\t<\/div>\n\t\t<\/div>\n\t\t\t\t\t<\/div>\n\t\t<\/section>\n\t\t\t\t<section class=\"elementor-section elementor-top-section elementor-element elementor-element-33af70f elementor-hidden-tablet elementor-hidden-mobile elementor-section-boxed elementor-section-height-default elementor-section-height-default\" data-id=\"33af70f\" data-element_type=\"section\">\n\t\t\t\t\t\t<div class=\"elementor-container elementor-column-gap-default\">\n\t\t\t\t\t<div class=\"elementor-column elementor-col-33 elementor-top-column elementor-element elementor-element-4de8a20\" data-id=\"4de8a20\" data-element_type=\"column\">\n\t\t\t<div class=\"elementor-widget-wrap elementor-element-populated\">\n\t\t\t\t\t\t<div class=\"elementor-element elementor-element-359621b elementor-widget elementor-widget-heading\" data-id=\"359621b\" data-element_type=\"widget\" data-widget_type=\"heading.default\">\n\t\t\t\t<div class=\"elementor-widget-container\">\n\t\t\t\t\t<h2 class=\"elementor-heading-title elementor-size-default\">Address<\/h2>\t\t\t\t<\/div>\n\t\t\t\t<\/div>\n\t\t\t\t<div class=\"elementor-element elementor-element-9e0ba68 elementor-widget elementor-widget-text-editor\" data-id=\"9e0ba68\" data-element_type=\"widget\" data-widget_type=\"text-editor.default\">\n\t\t\t\t<div class=\"elementor-widget-container\">\n\t\t\t\t\t\t\t\t\t<p><strong>Sales and Marketing<\/strong><br \/>\u0130stanbul Turizm ve Otelcilik A.\u015e Osmanl\u0131 Sok., No : 9, Beyo\u011flu Taksim 34437<br \/>\u0130stanbul \/ Turkey<\/p><p><strong>Vineyard and Winery<\/strong><br \/>B &#8211; Bak G\u0131da Tar\u0131m ve Ticaret A.\u015e.<br \/>\u00c7engeller Yaz\u0131s\u0131 Kibrit Deresi Mevkii No : 1 Kalecik Ankara Turkey<\/p>\t\t\t\t\t\t\t\t<\/div>\n\t\t\t\t<\/div>\n\t\t\t\t\t<\/div>\n\t\t<\/div>\n\t\t\t\t<div class=\"elementor-column elementor-col-33 elementor-top-column elementor-element elementor-element-feb2052\" data-id=\"feb2052\" data-element_type=\"column\">\n\t\t\t<div class=\"elementor-widget-wrap elementor-element-populated\">\n\t\t\t\t\t\t<div class=\"elementor-element elementor-element-a0787f8 elementor-widget elementor-widget-heading\" data-id=\"a0787f8\" data-element_type=\"widget\" data-widget_type=\"heading.default\">\n\t\t\t\t<div class=\"elementor-widget-container\">\n\t\t\t\t\t<h2 class=\"elementor-heading-title elementor-size-default\">Phone<\/h2>\t\t\t\t<\/div>\n\t\t\t\t<\/div>\n\t\t\t\t<div class=\"elementor-element elementor-element-3fecfdf elementor-widget elementor-widget-text-editor\" data-id=\"3fecfdf\" data-element_type=\"widget\" data-widget_type=\"text-editor.default\">\n\t\t\t\t<div class=\"elementor-widget-container\">\n\t\t\t\t\t\t\t\t\t<p><a style=\"color: black;\" href=\"tel:+902122525300\">+ 90 212 252 53 00<\/a><\/p><p><a style=\"color: black;\" href=\"tel:+903128571897\">+ 90 312 857 18 97<\/a><\/p><p><a style=\"color: black;\" href=\"tel:+903128571898\">+ 90 312 857 18 98<\/a><\/p>\t\t\t\t\t\t\t\t<\/div>\n\t\t\t\t<\/div>\n\t\t\t\t\t<\/div>\n\t\t<\/div>\n\t\t\t\t<div class=\"elementor-column elementor-col-33 elementor-top-column elementor-element elementor-element-c547f05\" data-id=\"c547f05\" data-element_type=\"column\">\n\t\t\t<div class=\"elementor-widget-wrap elementor-element-populated\">\n\t\t\t\t\t\t<div class=\"elementor-element elementor-element-a257916 elementor-widget elementor-widget-heading\" data-id=\"a257916\" data-element_type=\"widget\" data-widget_type=\"heading.default\">\n\t\t\t\t<div class=\"elementor-widget-container\">\n\t\t\t\t\t<h2 class=\"elementor-heading-title elementor-size-default\">E-mail<\/h2>\t\t\t\t<\/div>\n\t\t\t\t<\/div>\n\t\t\t\t<div class=\"elementor-element elementor-element-72e31e1 elementor-widget elementor-widget-text-editor\" data-id=\"72e31e1\" data-element_type=\"widget\" data-widget_type=\"text-editor.default\">\n\t\t\t\t<div class=\"elementor-widget-container\">\n\t\t\t\t\t\t\t\t\t<p><a style=\"color: black;\" href=\"mailto:info@vinkara.com\">info@vinkara.com<\/a><\/p>\t\t\t\t\t\t\t\t<\/div>\n\t\t\t\t<\/div>\n\t\t\t\t\t<\/div>\n\t\t<\/div>\n\t\t\t\t\t<\/div>\n\t\t<\/section>\n\t\t\t\t<section class=\"elementor-section elementor-top-section elementor-element elementor-element-603234b elementor-hidden-tablet elementor-hidden-mobile elementor-section-boxed elementor-section-height-default elementor-section-height-default\" data-id=\"603234b\" data-element_type=\"section\">\n\t\t\t\t\t\t<div class=\"elementor-container elementor-column-gap-default\">\n\t\t\t\t\t<div class=\"elementor-column elementor-col-100 elementor-top-column elementor-element elementor-element-d72ad84\" data-id=\"d72ad84\" data-element_type=\"column\">\n\t\t\t<div class=\"elementor-widget-wrap elementor-element-populated\">\n\t\t\t\t\t\t<div class=\"elementor-element elementor-element-8334d37 elementor-widget elementor-widget-html\" data-id=\"8334d37\" data-element_type=\"widget\" data-widget_type=\"html.default\">\n\t\t\t\t<div class=\"elementor-widget-container\">\n\t\t\t\t\t<iframe id=\"map\" src=\"https:\/\/www.google.com\/maps\/embed?pb=!1m18!1m12!1m3!1d12208.376076350112!2d33.43769912775025!3d40.09561667471095!2m3!1f0!2f0!3f0!3m2!1i1024!2i768!4f13.1!3m3!1m2!1s0x4081f2551080bf25%3A0x58e6d28bfa44bce5!2sVinkara!5e0!3m2!1str!2str!4v1679047143069!5m2!1str!2str\" width=\"100%\" height=\"600\" style=\"border:0;\" allowfullscreen=\"\" loading=\"lazy\" referrerpolicy=\"no-referrer-when-downgrade\"><\/iframe>\t\t\t\t<\/div>\n\t\t\t\t<\/div>\n\t\t\t\t\t<\/div>\n\t\t<\/div>\n\t\t\t\t\t<\/div>\n\t\t<\/section>\n\t\t\t\t<section class=\"elementor-section elementor-top-section elementor-element elementor-element-e956e64 elementor-section-content-middle elementor-hidden-desktop elementor-section-boxed elementor-section-height-default elementor-section-height-default\" data-id=\"e956e64\" data-element_type=\"section\">\n\t\t\t\t\t\t<div class=\"elementor-container elementor-column-gap-no\">\n\t\t\t\t\t<div class=\"elementor-column elementor-col-100 elementor-top-column elementor-element elementor-element-9eb2d68\" data-id=\"9eb2d68\" data-element_type=\"column\">\n\t\t\t<div class=\"elementor-widget-wrap elementor-element-populated\">\n\t\t\t\t\t\t<div class=\"elementor-element elementor-element-0e1a6ca elementor-widget-mobile__width-inherit elementor-widget elementor-widget-heading\" data-id=\"0e1a6ca\" data-element_type=\"widget\" data-settings=\"{&quot;_animation_mobile&quot;:&quot;fadeInUp&quot;}\" data-widget_type=\"heading.default\">\n\t\t\t\t<div class=\"elementor-widget-container\">\n\t\t\t\t\t<p class=\"elementor-heading-title elementor-size-default\"><span id=\"location\">Address<\/span><br><br>\nSales and Marketing<br><br>\n\u0130stanbul Turizm ve Otelcilik A.\u015e Osmanl\u0131 Sok., No : 9, Beyo\u011flu Taksim 34437\n\u0130stanbul \/ Turkey<br><br><br>Vineyard and Winery<br><br>\nB - Bak G\u0131da Tar\u0131m ve Ticaret A.\u015e.<br>\n\u00c7engeller Yaz\u0131s\u0131 Kibrit Deresi Mevkii No : 1 Kalecik Ankara Turkey\n<\/p>\t\t\t\t<\/div>\n\t\t\t\t<\/div>\n\t\t\t\t<section class=\"elementor-section elementor-inner-section elementor-element elementor-element-a8c78db elementor-section-content-middle elementor-section-full_width elementor-section-height-default elementor-section-height-default\" data-id=\"a8c78db\" data-element_type=\"section\">\n\t\t\t\t\t\t<div class=\"elementor-container elementor-column-gap-no\">\n\t\t\t\t\t<div class=\"elementor-column elementor-col-100 elementor-inner-column elementor-element elementor-element-f52dab8\" data-id=\"f52dab8\" data-element_type=\"column\">\n\t\t\t<div class=\"elementor-widget-wrap elementor-element-populated\">\n\t\t\t\t\t\t<div class=\"elementor-element elementor-element-b75fd69 elementor-widget-mobile__width-inherit elementor-widget elementor-widget-heading\" data-id=\"b75fd69\" data-element_type=\"widget\" data-settings=\"{&quot;_animation_mobile&quot;:&quot;fadeInUp&quot;}\" data-widget_type=\"heading.default\">\n\t\t\t\t<div class=\"elementor-widget-container\">\n\t\t\t\t\t<p class=\"elementor-heading-title elementor-size-default\"><span id=\"phone\">Phone<\/span><br><br>\n<a href=\"tel:+902122525300\">+ 90 212 252 53 00<\/a><br>\n<a href=\"tel:+903128571897\">+ 90 312 857 18 97<\/a><br>\n<a href=\"tel:+903128571898\">+ 90 312 857 18 98<\/a><\/p>\t\t\t\t<\/div>\n\t\t\t\t<\/div>\n\t\t\t\t\t<\/div>\n\t\t<\/div>\n\t\t\t\t\t<\/div>\n\t\t<\/section>\n\t\t\t\t<div class=\"elementor-element elementor-element-75b78c1 elementor-widget-mobile__width-inherit elementor-widget elementor-widget-html\" data-id=\"75b78c1\" data-element_type=\"widget\" data-widget_type=\"html.default\">\n\t\t\t\t<div class=\"elementor-widget-container\">\n\t\t\t\t\t<iframe id=\"map\" src=\"https:\/\/www.google.com\/maps\/embed?pb=!1m18!1m12!1m3!1d12208.376076350112!2d33.43769912775025!3d40.09561667471095!2m3!1f0!2f0!3f0!3m2!1i1024!2i768!4f13.1!3m3!1m2!1s0x4081f2551080bf25%3A0x58e6d28bfa44bce5!2sVinkara!5e0!3m2!1str!2str!4v1679047143069!5m2!1str!2str\" width=\"300\" height=\"400\" style=\"border:0;\" allowfullscreen=\"\" loading=\"lazy\" referrerpolicy=\"no-referrer-when-downgrade\"><\/iframe>\t\t\t\t<\/div>\n\t\t\t\t<\/div>\n\t\t\t\t\t<\/div>\n\t\t<\/div>\n\t\t\t\t\t<\/div>\n\t\t<\/section>\n\t\t\t\t<\/div>\n\t\t","protected":false},"excerpt":{"rendered":"<p>CONTACT US Address Sales and Marketing\u0130stanbul Turizm ve Otelcilik A.\u015e Osmanl\u0131 Sok., No : 9, Beyo\u011flu Taksim 34437\u0130stanbul \/ Turkey Vineyard and WineryB &#8211; Bak G\u0131da Tar\u0131m ve Ticaret A.\u015e.\u00c7engeller Yaz\u0131s\u0131 Kibrit Deresi Mevkii No : 1 Kalecik Ankara Turkey Phone + 90 212 252 53 00 + 90 312 857 18 97 + 90&#8230;<\/p>\n","protected":false},"author":1,"featured_media":0,"parent":0,"menu_order":0,"comment_status":"closed","ping_status":"closed","template":"","meta":{"om_disable_all_campaigns":false,"footnotes":""},"class_list":["post-3368","page","type-page","status-publish","hentry"],"aioseo_notices":[],"_links":{"self":[{"href":"https:\/\/vinkarawines.com\/en\/wp-json\/wp\/v2\/pages\/3368","targetHints":{"allow":["GET"]}}],"collection":[{"href":"https:\/\/vinkarawines.com\/en\/wp-json\/wp\/v2\/pages"}],"about":[{"href":"https:\/\/vinkarawines.com\/en\/wp-json\/wp\/v2\/types\/page"}],"author":[{"embeddable":true,"href":"https:\/\/vinkarawines.com\/en\/wp-json\/wp\/v2\/users\/1"}],"replies":[{"embeddable":true,"href":"https:\/\/vinkarawines.com\/en\/wp-json\/wp\/v2\/comments?post=3368"}],"version-history":[{"count":53,"href":"https:\/\/vinkarawines.com\/en\/wp-json\/wp\/v2\/pages\/3368\/revisions"}],"predecessor-version":[{"id":990980,"href":"https:\/\/vinkarawines.com\/en\/wp-json\/wp\/v2\/pages\/3368\/revisions\/990980"}],"wp:attachment":[{"href":"https:\/\/vinkarawines.com\/en\/wp-json\/wp\/v2\/media?parent=3368"}],"curies":[{"name":"wp","href":"https:\/\/api.w.org\/{rel}","templated":true}]}}