{"id":988313,"date":"2024-09-12T12:33:38","date_gmt":"2024-09-12T12:33:38","guid":{"rendered":"https:\/\/vinkarawines.com\/en\/?page_id=988313"},"modified":"2025-09-03T11:57:56","modified_gmt":"2025-09-03T11:57:56","slug":"our-team","status":"publish","type":"page","link":"https:\/\/vinkarawines.com\/en\/about-us\/our-team\/","title":{"rendered":"Our Team"},"content":{"rendered":"\t\t<div data-elementor-type=\"wp-page\" data-elementor-id=\"988313\" class=\"elementor elementor-988313\" data-elementor-post-type=\"page\">\n\t\t\t\t\t\t<section class=\"elementor-section elementor-top-section elementor-element elementor-element-3421e2c elementor-section-full_width elementor-section-height-min-height elementor-section-height-default elementor-section-items-middle\" data-id=\"3421e2c\" data-element_type=\"section\" data-settings=\"{&quot;background_background&quot;:&quot;classic&quot;}\">\n\t\t\t\t\t\t\t<div class=\"elementor-background-overlay\"><\/div>\n\t\t\t\t\t\t\t<div class=\"elementor-container elementor-column-gap-default\">\n\t\t\t\t\t<div class=\"elementor-column elementor-col-100 elementor-top-column elementor-element elementor-element-5cf2f18\" data-id=\"5cf2f18\" data-element_type=\"column\">\n\t\t\t<div class=\"elementor-widget-wrap elementor-element-populated\">\n\t\t\t\t\t\t<div class=\"elementor-element elementor-element-c8967ad elementor-widget elementor-widget-heading\" data-id=\"c8967ad\" data-element_type=\"widget\" data-widget_type=\"heading.default\">\n\t\t\t\t<div class=\"elementor-widget-container\">\n\t\t\t\t\t<h1 class=\"elementor-heading-title elementor-size-default\">TEAM<\/h1>\t\t\t\t<\/div>\n\t\t\t\t<\/div>\n\t\t\t\t\t<\/div>\n\t\t<\/div>\n\t\t\t\t\t<\/div>\n\t\t<\/section>\n\t\t\t\t<section class=\"elementor-section elementor-top-section elementor-element elementor-element-fbac48b elementor-section-content-middle elementor-section-boxed elementor-section-height-default elementor-section-height-default\" data-id=\"fbac48b\" data-element_type=\"section\">\n\t\t\t\t\t\t<div class=\"elementor-container elementor-column-gap-default\">\n\t\t\t\t\t<div class=\"elementor-column elementor-col-33 elementor-top-column elementor-element elementor-element-93bec27 animated-slow elementor-invisible\" data-id=\"93bec27\" data-element_type=\"column\" data-settings=\"{&quot;animation&quot;:&quot;fadeInUp&quot;}\">\n\t\t\t<div class=\"elementor-widget-wrap elementor-element-populated\">\n\t\t\t\t\t\t<div class=\"elementor-element elementor-element-b96733a elementor-widget elementor-widget-image\" data-id=\"b96733a\" data-element_type=\"widget\" data-widget_type=\"image.default\">\n\t\t\t\t<div class=\"elementor-widget-container\">\n\t\t\t\t\t\t\t\t\t\t\t\t\t\t\t<img fetchpriority=\"high\" decoding=\"async\" width=\"2000\" height=\"2000\" src=\"https:\/\/vinkarawines.com\/en\/wp-content\/uploads\/2024\/11\/ardic-1.jpg\" class=\"attachment-full size-full wp-image-990561\" alt=\"\" srcset=\"https:\/\/vinkarawines.com\/en\/wp-content\/uploads\/2024\/11\/ardic-1.jpg 2000w, https:\/\/vinkarawines.com\/en\/wp-content\/uploads\/2024\/11\/ardic-1-300x300.jpg 300w, https:\/\/vinkarawines.com\/en\/wp-content\/uploads\/2024\/11\/ardic-1-1024x1024.jpg 1024w, https:\/\/vinkarawines.com\/en\/wp-content\/uploads\/2024\/11\/ardic-1-150x150.jpg 150w, https:\/\/vinkarawines.com\/en\/wp-content\/uploads\/2024\/11\/ardic-1-768x768.jpg 768w, https:\/\/vinkarawines.com\/en\/wp-content\/uploads\/2024\/11\/ardic-1-1536x1536.jpg 1536w\" sizes=\"(max-width: 2000px) 100vw, 2000px\" \/>\t\t\t\t\t\t\t\t\t\t\t\t\t\t\t<\/div>\n\t\t\t\t<\/div>\n\t\t\t\t<div class=\"elementor-element elementor-element-b52a773 elementor-widget elementor-widget-text-editor\" data-id=\"b52a773\" data-element_type=\"widget\" data-widget_type=\"text-editor.default\">\n\t\t\t\t<div class=\"elementor-widget-container\">\n\t\t\t\t\t\t\t\t\t<p>Founder<\/p>\t\t\t\t\t\t\t\t<\/div>\n\t\t\t\t<\/div>\n\t\t\t\t<div class=\"elementor-element elementor-element-9dd0b72 elementor-widget elementor-widget-heading\" data-id=\"9dd0b72\" data-element_type=\"widget\" data-widget_type=\"heading.default\">\n\t\t\t\t<div class=\"elementor-widget-container\">\n\t\t\t\t\t<h2 class=\"elementor-heading-title elementor-size-default\">Ard\u0131\u00e7 G\u00fcrsel<\/h2>\t\t\t\t<\/div>\n\t\t\t\t<\/div>\n\t\t\t\t\t<\/div>\n\t\t<\/div>\n\t\t\t\t<div class=\"elementor-column elementor-col-33 elementor-top-column elementor-element elementor-element-ac77b50 animated-slow elementor-invisible\" data-id=\"ac77b50\" data-element_type=\"column\" data-settings=\"{&quot;animation&quot;:&quot;fadeInUp&quot;}\">\n\t\t\t<div class=\"elementor-widget-wrap elementor-element-populated\">\n\t\t\t\t\t\t<div class=\"elementor-element elementor-element-2359cc2 elementor-widget elementor-widget-image\" data-id=\"2359cc2\" data-element_type=\"widget\" data-widget_type=\"image.default\">\n\t\t\t\t<div class=\"elementor-widget-container\">\n\t\t\t\t\t\t\t\t\t\t\t\t\t\t\t<img decoding=\"async\" width=\"2000\" height=\"2000\" src=\"https:\/\/vinkarawines.com\/en\/wp-content\/uploads\/2024\/11\/marcho.jpg\" class=\"attachment-full size-full wp-image-990549\" alt=\"\" srcset=\"https:\/\/vinkarawines.com\/en\/wp-content\/uploads\/2024\/11\/marcho.jpg 2000w, https:\/\/vinkarawines.com\/en\/wp-content\/uploads\/2024\/11\/marcho-300x300.jpg 300w, https:\/\/vinkarawines.com\/en\/wp-content\/uploads\/2024\/11\/marcho-1024x1024.jpg 1024w, https:\/\/vinkarawines.com\/en\/wp-content\/uploads\/2024\/11\/marcho-150x150.jpg 150w, https:\/\/vinkarawines.com\/en\/wp-content\/uploads\/2024\/11\/marcho-768x768.jpg 768w, https:\/\/vinkarawines.com\/en\/wp-content\/uploads\/2024\/11\/marcho-1536x1536.jpg 1536w\" sizes=\"(max-width: 2000px) 100vw, 2000px\" \/>\t\t\t\t\t\t\t\t\t\t\t\t\t\t\t<\/div>\n\t\t\t\t<\/div>\n\t\t\t\t<div class=\"elementor-element elementor-element-ad645c4 elementor-widget elementor-widget-text-editor\" data-id=\"ad645c4\" data-element_type=\"widget\" data-widget_type=\"text-editor.default\">\n\t\t\t\t<div class=\"elementor-widget-container\">\n\t\t\t\t\t\t\t\t\t<p>Oenologist<\/p>\t\t\t\t\t\t\t\t<\/div>\n\t\t\t\t<\/div>\n\t\t\t\t<div class=\"elementor-element elementor-element-7b18bde elementor-widget elementor-widget-heading\" data-id=\"7b18bde\" data-element_type=\"widget\" data-widget_type=\"heading.default\">\n\t\t\t\t<div class=\"elementor-widget-container\">\n\t\t\t\t\t<h2 class=\"elementor-heading-title elementor-size-default\">Marco Monchiero<\/h2>\t\t\t\t<\/div>\n\t\t\t\t<\/div>\n\t\t\t\t\t<\/div>\n\t\t<\/div>\n\t\t\t\t<div class=\"elementor-column elementor-col-33 elementor-top-column elementor-element elementor-element-a0cc76e animated-slow elementor-invisible\" data-id=\"a0cc76e\" data-element_type=\"column\" data-settings=\"{&quot;animation&quot;:&quot;fadeInUp&quot;}\">\n\t\t\t<div class=\"elementor-widget-wrap elementor-element-populated\">\n\t\t\t\t\t\t<div class=\"elementor-element elementor-element-101b8f9 elementor-widget elementor-widget-image\" data-id=\"101b8f9\" data-element_type=\"widget\" data-widget_type=\"image.default\">\n\t\t\t\t<div class=\"elementor-widget-container\">\n\t\t\t\t\t\t\t\t\t\t\t\t\t\t\t<img decoding=\"async\" width=\"2000\" height=\"2000\" src=\"https:\/\/vinkarawines.com\/en\/wp-content\/uploads\/2024\/11\/1-1.jpg\" class=\"attachment-full size-full wp-image-990550\" alt=\"\" srcset=\"https:\/\/vinkarawines.com\/en\/wp-content\/uploads\/2024\/11\/1-1.jpg 2000w, https:\/\/vinkarawines.com\/en\/wp-content\/uploads\/2024\/11\/1-1-300x300.jpg 300w, https:\/\/vinkarawines.com\/en\/wp-content\/uploads\/2024\/11\/1-1-1024x1024.jpg 1024w, https:\/\/vinkarawines.com\/en\/wp-content\/uploads\/2024\/11\/1-1-150x150.jpg 150w, https:\/\/vinkarawines.com\/en\/wp-content\/uploads\/2024\/11\/1-1-768x768.jpg 768w, https:\/\/vinkarawines.com\/en\/wp-content\/uploads\/2024\/11\/1-1-1536x1536.jpg 1536w\" sizes=\"(max-width: 2000px) 100vw, 2000px\" \/>\t\t\t\t\t\t\t\t\t\t\t\t\t\t\t<\/div>\n\t\t\t\t<\/div>\n\t\t\t\t<div class=\"elementor-element elementor-element-fef6009 elementor-widget elementor-widget-text-editor\" data-id=\"fef6009\" data-element_type=\"widget\" data-widget_type=\"text-editor.default\">\n\t\t\t\t<div class=\"elementor-widget-container\">\n\t\t\t\t\t\t\t\t\t<p>Vineyard Manager<\/p>\t\t\t\t\t\t\t\t<\/div>\n\t\t\t\t<\/div>\n\t\t\t\t<div class=\"elementor-element elementor-element-f82e602 elementor-widget elementor-widget-heading\" data-id=\"f82e602\" data-element_type=\"widget\" data-widget_type=\"heading.default\">\n\t\t\t\t<div class=\"elementor-widget-container\">\n\t\t\t\t\t<h2 class=\"elementor-heading-title elementor-size-default\">Naze G\u00fclay<\/h2>\t\t\t\t<\/div>\n\t\t\t\t<\/div>\n\t\t\t\t\t<\/div>\n\t\t<\/div>\n\t\t\t\t\t<\/div>\n\t\t<\/section>\n\t\t\t\t<section class=\"elementor-section elementor-top-section elementor-element elementor-element-d8f490b elementor-section-content-middle elementor-section-boxed elementor-section-height-default elementor-section-height-default\" data-id=\"d8f490b\" data-element_type=\"section\">\n\t\t\t\t\t\t<div class=\"elementor-container elementor-column-gap-default\">\n\t\t\t\t\t<div class=\"elementor-column elementor-col-33 elementor-top-column elementor-element elementor-element-eced540 animated-slow elementor-invisible\" data-id=\"eced540\" data-element_type=\"column\" data-settings=\"{&quot;animation&quot;:&quot;fadeInUp&quot;}\">\n\t\t\t<div class=\"elementor-widget-wrap elementor-element-populated\">\n\t\t\t\t\t\t<div class=\"elementor-element elementor-element-1a6044c elementor-widget elementor-widget-image\" data-id=\"1a6044c\" data-element_type=\"widget\" data-widget_type=\"image.default\">\n\t\t\t\t<div class=\"elementor-widget-container\">\n\t\t\t\t\t\t\t\t\t\t\t\t\t\t\t<img loading=\"lazy\" decoding=\"async\" width=\"2000\" height=\"2000\" src=\"https:\/\/vinkarawines.com\/en\/wp-content\/uploads\/2024\/11\/2-1.jpg\" class=\"attachment-full size-full wp-image-990552\" alt=\"\" srcset=\"https:\/\/vinkarawines.com\/en\/wp-content\/uploads\/2024\/11\/2-1.jpg 2000w, https:\/\/vinkarawines.com\/en\/wp-content\/uploads\/2024\/11\/2-1-300x300.jpg 300w, https:\/\/vinkarawines.com\/en\/wp-content\/uploads\/2024\/11\/2-1-1024x1024.jpg 1024w, https:\/\/vinkarawines.com\/en\/wp-content\/uploads\/2024\/11\/2-1-150x150.jpg 150w, https:\/\/vinkarawines.com\/en\/wp-content\/uploads\/2024\/11\/2-1-768x768.jpg 768w, https:\/\/vinkarawines.com\/en\/wp-content\/uploads\/2024\/11\/2-1-1536x1536.jpg 1536w\" sizes=\"(max-width: 2000px) 100vw, 2000px\" \/>\t\t\t\t\t\t\t\t\t\t\t\t\t\t\t<\/div>\n\t\t\t\t<\/div>\n\t\t\t\t<div class=\"elementor-element elementor-element-0576ebe elementor-widget elementor-widget-text-editor\" data-id=\"0576ebe\" data-element_type=\"widget\" data-widget_type=\"text-editor.default\">\n\t\t\t\t<div class=\"elementor-widget-container\">\n\t\t\t\t\t\t\t\t\t<p>Factory Manager<\/p>\t\t\t\t\t\t\t\t<\/div>\n\t\t\t\t<\/div>\n\t\t\t\t<div class=\"elementor-element elementor-element-ef6df9e elementor-widget elementor-widget-heading\" data-id=\"ef6df9e\" data-element_type=\"widget\" data-widget_type=\"heading.default\">\n\t\t\t\t<div class=\"elementor-widget-container\">\n\t\t\t\t\t<h2 class=\"elementor-heading-title elementor-size-default\">Canda\u015f M\u0131s\u0131r<\/h2>\t\t\t\t<\/div>\n\t\t\t\t<\/div>\n\t\t\t\t\t<\/div>\n\t\t<\/div>\n\t\t\t\t<div class=\"elementor-column elementor-col-33 elementor-top-column elementor-element elementor-element-50a30d7 animated-slow elementor-invisible\" data-id=\"50a30d7\" data-element_type=\"column\" data-settings=\"{&quot;animation&quot;:&quot;fadeInUp&quot;}\">\n\t\t\t<div class=\"elementor-widget-wrap elementor-element-populated\">\n\t\t\t\t\t\t<div class=\"elementor-element elementor-element-84fe207 elementor-widget elementor-widget-image\" data-id=\"84fe207\" data-element_type=\"widget\" data-widget_type=\"image.default\">\n\t\t\t\t<div class=\"elementor-widget-container\">\n\t\t\t\t\t\t\t\t\t\t\t\t\t\t\t<img loading=\"lazy\" decoding=\"async\" width=\"2000\" height=\"2000\" src=\"https:\/\/vinkarawines.com\/en\/wp-content\/uploads\/2024\/11\/3.jpg\" class=\"attachment-full size-full wp-image-990553\" alt=\"\" srcset=\"https:\/\/vinkarawines.com\/en\/wp-content\/uploads\/2024\/11\/3.jpg 2000w, https:\/\/vinkarawines.com\/en\/wp-content\/uploads\/2024\/11\/3-300x300.jpg 300w, https:\/\/vinkarawines.com\/en\/wp-content\/uploads\/2024\/11\/3-1024x1024.jpg 1024w, https:\/\/vinkarawines.com\/en\/wp-content\/uploads\/2024\/11\/3-150x150.jpg 150w, https:\/\/vinkarawines.com\/en\/wp-content\/uploads\/2024\/11\/3-768x768.jpg 768w, https:\/\/vinkarawines.com\/en\/wp-content\/uploads\/2024\/11\/3-1536x1536.jpg 1536w\" sizes=\"(max-width: 2000px) 100vw, 2000px\" \/>\t\t\t\t\t\t\t\t\t\t\t\t\t\t\t<\/div>\n\t\t\t\t<\/div>\n\t\t\t\t<div class=\"elementor-element elementor-element-6e85e17 elementor-widget elementor-widget-text-editor\" data-id=\"6e85e17\" data-element_type=\"widget\" data-widget_type=\"text-editor.default\">\n\t\t\t\t<div class=\"elementor-widget-container\">\n\t\t\t\t\t\t\t\t\t<p>Production Manager<\/p>\t\t\t\t\t\t\t\t<\/div>\n\t\t\t\t<\/div>\n\t\t\t\t<div class=\"elementor-element elementor-element-ee406c0 elementor-widget elementor-widget-heading\" data-id=\"ee406c0\" data-element_type=\"widget\" data-widget_type=\"heading.default\">\n\t\t\t\t<div class=\"elementor-widget-container\">\n\t\t\t\t\t<h2 class=\"elementor-heading-title elementor-size-default\">Ahmet Ay<\/h2>\t\t\t\t<\/div>\n\t\t\t\t<\/div>\n\t\t\t\t\t<\/div>\n\t\t<\/div>\n\t\t\t\t<div class=\"elementor-column elementor-col-33 elementor-top-column elementor-element elementor-element-4d5bc19 animated-slow elementor-invisible\" data-id=\"4d5bc19\" data-element_type=\"column\" data-settings=\"{&quot;animation&quot;:&quot;fadeInUp&quot;}\">\n\t\t\t<div class=\"elementor-widget-wrap elementor-element-populated\">\n\t\t\t\t\t\t<div class=\"elementor-element elementor-element-2a1cc71 elementor-widget elementor-widget-image\" data-id=\"2a1cc71\" data-element_type=\"widget\" data-widget_type=\"image.default\">\n\t\t\t\t<div class=\"elementor-widget-container\">\n\t\t\t\t\t\t\t\t\t\t\t\t\t\t\t<img loading=\"lazy\" decoding=\"async\" width=\"2000\" height=\"2000\" src=\"https:\/\/vinkarawines.com\/en\/wp-content\/uploads\/2024\/11\/evren.jpg\" class=\"attachment-full size-full wp-image-990554\" alt=\"\" srcset=\"https:\/\/vinkarawines.com\/en\/wp-content\/uploads\/2024\/11\/evren.jpg 2000w, https:\/\/vinkarawines.com\/en\/wp-content\/uploads\/2024\/11\/evren-300x300.jpg 300w, https:\/\/vinkarawines.com\/en\/wp-content\/uploads\/2024\/11\/evren-1024x1024.jpg 1024w, https:\/\/vinkarawines.com\/en\/wp-content\/uploads\/2024\/11\/evren-150x150.jpg 150w, https:\/\/vinkarawines.com\/en\/wp-content\/uploads\/2024\/11\/evren-768x768.jpg 768w, https:\/\/vinkarawines.com\/en\/wp-content\/uploads\/2024\/11\/evren-1536x1536.jpg 1536w\" sizes=\"(max-width: 2000px) 100vw, 2000px\" \/>\t\t\t\t\t\t\t\t\t\t\t\t\t\t\t<\/div>\n\t\t\t\t<\/div>\n\t\t\t\t<div class=\"elementor-element elementor-element-04c284c elementor-widget elementor-widget-text-editor\" data-id=\"04c284c\" data-element_type=\"widget\" data-widget_type=\"text-editor.default\">\n\t\t\t\t<div class=\"elementor-widget-container\">\n\t\t\t\t\t\t\t\t\t<p>Export Manager<\/p>\t\t\t\t\t\t\t\t<\/div>\n\t\t\t\t<\/div>\n\t\t\t\t<div class=\"elementor-element elementor-element-4ae704c elementor-widget elementor-widget-heading\" data-id=\"4ae704c\" data-element_type=\"widget\" data-widget_type=\"heading.default\">\n\t\t\t\t<div class=\"elementor-widget-container\">\n\t\t\t\t\t<h2 class=\"elementor-heading-title elementor-size-default\">Evren \u0130seri<\/h2>\t\t\t\t<\/div>\n\t\t\t\t<\/div>\n\t\t\t\t\t<\/div>\n\t\t<\/div>\n\t\t\t\t\t<\/div>\n\t\t<\/section>\n\t\t\t\t<section class=\"elementor-section elementor-top-section elementor-element elementor-element-eda308d elementor-section-content-middle elementor-section-boxed elementor-section-height-default elementor-section-height-default\" data-id=\"eda308d\" data-element_type=\"section\">\n\t\t\t\t\t\t<div class=\"elementor-container elementor-column-gap-default\">\n\t\t\t\t\t<div class=\"elementor-column elementor-col-33 elementor-top-column elementor-element elementor-element-ae7da5c animated-slow elementor-invisible\" data-id=\"ae7da5c\" data-element_type=\"column\" data-settings=\"{&quot;animation&quot;:&quot;fadeInUp&quot;}\">\n\t\t\t<div class=\"elementor-widget-wrap elementor-element-populated\">\n\t\t\t\t\t\t<div class=\"elementor-element elementor-element-9480aee elementor-widget elementor-widget-image\" data-id=\"9480aee\" data-element_type=\"widget\" data-widget_type=\"image.default\">\n\t\t\t\t<div class=\"elementor-widget-container\">\n\t\t\t\t\t\t\t\t\t\t\t\t\t\t\t<img loading=\"lazy\" decoding=\"async\" width=\"2000\" height=\"2000\" src=\"https:\/\/vinkarawines.com\/en\/wp-content\/uploads\/2024\/11\/serkan.jpg\" class=\"attachment-full size-full wp-image-990555\" alt=\"\" srcset=\"https:\/\/vinkarawines.com\/en\/wp-content\/uploads\/2024\/11\/serkan.jpg 2000w, https:\/\/vinkarawines.com\/en\/wp-content\/uploads\/2024\/11\/serkan-300x300.jpg 300w, https:\/\/vinkarawines.com\/en\/wp-content\/uploads\/2024\/11\/serkan-1024x1024.jpg 1024w, https:\/\/vinkarawines.com\/en\/wp-content\/uploads\/2024\/11\/serkan-150x150.jpg 150w, https:\/\/vinkarawines.com\/en\/wp-content\/uploads\/2024\/11\/serkan-768x768.jpg 768w, https:\/\/vinkarawines.com\/en\/wp-content\/uploads\/2024\/11\/serkan-1536x1536.jpg 1536w\" sizes=\"(max-width: 2000px) 100vw, 2000px\" \/>\t\t\t\t\t\t\t\t\t\t\t\t\t\t\t<\/div>\n\t\t\t\t<\/div>\n\t\t\t\t<div class=\"elementor-element elementor-element-2c45222 elementor-widget elementor-widget-text-editor\" data-id=\"2c45222\" data-element_type=\"widget\" data-widget_type=\"text-editor.default\">\n\t\t\t\t<div class=\"elementor-widget-container\">\n\t\t\t\t\t\t\t\t\t<p>Sales Director<\/p>\t\t\t\t\t\t\t\t<\/div>\n\t\t\t\t<\/div>\n\t\t\t\t<div class=\"elementor-element elementor-element-b3d2941 elementor-widget elementor-widget-heading\" data-id=\"b3d2941\" data-element_type=\"widget\" data-widget_type=\"heading.default\">\n\t\t\t\t<div class=\"elementor-widget-container\">\n\t\t\t\t\t<h2 class=\"elementor-heading-title elementor-size-default\">Serkan Uslu<\/h2>\t\t\t\t<\/div>\n\t\t\t\t<\/div>\n\t\t\t\t\t<\/div>\n\t\t<\/div>\n\t\t\t\t<div class=\"elementor-column elementor-col-33 elementor-top-column elementor-element elementor-element-c86d6ca animated-slow elementor-invisible\" data-id=\"c86d6ca\" data-element_type=\"column\" data-settings=\"{&quot;animation&quot;:&quot;fadeInUp&quot;}\">\n\t\t\t<div class=\"elementor-widget-wrap elementor-element-populated\">\n\t\t\t\t\t\t<div class=\"elementor-element elementor-element-7f83ac0 elementor-widget elementor-widget-image\" data-id=\"7f83ac0\" data-element_type=\"widget\" data-widget_type=\"image.default\">\n\t\t\t\t<div class=\"elementor-widget-container\">\n\t\t\t\t\t\t\t\t\t\t\t\t\t\t\t<img loading=\"lazy\" decoding=\"async\" width=\"2000\" height=\"2000\" src=\"https:\/\/vinkarawines.com\/en\/wp-content\/uploads\/2024\/11\/5.jpg\" class=\"attachment-full size-full wp-image-990556\" alt=\"\" srcset=\"https:\/\/vinkarawines.com\/en\/wp-content\/uploads\/2024\/11\/5.jpg 2000w, https:\/\/vinkarawines.com\/en\/wp-content\/uploads\/2024\/11\/5-300x300.jpg 300w, https:\/\/vinkarawines.com\/en\/wp-content\/uploads\/2024\/11\/5-1024x1024.jpg 1024w, https:\/\/vinkarawines.com\/en\/wp-content\/uploads\/2024\/11\/5-150x150.jpg 150w, https:\/\/vinkarawines.com\/en\/wp-content\/uploads\/2024\/11\/5-768x768.jpg 768w, https:\/\/vinkarawines.com\/en\/wp-content\/uploads\/2024\/11\/5-1536x1536.jpg 1536w\" sizes=\"(max-width: 2000px) 100vw, 2000px\" \/>\t\t\t\t\t\t\t\t\t\t\t\t\t\t\t<\/div>\n\t\t\t\t<\/div>\n\t\t\t\t<div class=\"elementor-element elementor-element-2313412 elementor-widget elementor-widget-heading\" data-id=\"2313412\" data-element_type=\"widget\" data-widget_type=\"heading.default\">\n\t\t\t\t<div class=\"elementor-widget-container\">\n\t\t\t\t\t<h2 class=\"elementor-heading-title elementor-size-default\">Yakup K\u00f6seo\u011flu<\/h2>\t\t\t\t<\/div>\n\t\t\t\t<\/div>\n\t\t\t\t\t<\/div>\n\t\t<\/div>\n\t\t\t\t<div class=\"elementor-column elementor-col-33 elementor-top-column elementor-element elementor-element-785bb41 animated-slow elementor-invisible\" data-id=\"785bb41\" data-element_type=\"column\" data-settings=\"{&quot;animation&quot;:&quot;fadeInUp&quot;}\">\n\t\t\t<div class=\"elementor-widget-wrap\">\n\t\t\t\t\t\t\t<\/div>\n\t\t<\/div>\n\t\t\t\t\t<\/div>\n\t\t<\/section>\n\t\t\t\t<section class=\"elementor-section elementor-top-section elementor-element elementor-element-32169c1 elementor-section-content-middle elementor-section-boxed elementor-section-height-default elementor-section-height-default\" data-id=\"32169c1\" data-element_type=\"section\">\n\t\t\t\t\t\t<div class=\"elementor-container elementor-column-gap-default\">\n\t\t\t\t\t<div class=\"elementor-column elementor-col-100 elementor-top-column elementor-element elementor-element-926ce07 animated-slow elementor-invisible\" data-id=\"926ce07\" data-element_type=\"column\" data-settings=\"{&quot;animation&quot;:&quot;fadeInUp&quot;}\">\n\t\t\t<div class=\"elementor-widget-wrap elementor-element-populated\">\n\t\t\t\t\t\t<div class=\"elementor-element elementor-element-f3a128a elementor-widget elementor-widget-image\" data-id=\"f3a128a\" data-element_type=\"widget\" data-widget_type=\"image.default\">\n\t\t\t\t<div class=\"elementor-widget-container\">\n\t\t\t\t\t\t\t\t\t\t\t\t\t\t\t<img loading=\"lazy\" decoding=\"async\" width=\"2472\" height=\"1391\" src=\"https:\/\/vinkarawines.com\/en\/wp-content\/uploads\/2024\/10\/DSC03666.jpg\" class=\"attachment-full size-full wp-image-989329\" alt=\"\" srcset=\"https:\/\/vinkarawines.com\/en\/wp-content\/uploads\/2024\/10\/DSC03666.jpg 2472w, https:\/\/vinkarawines.com\/en\/wp-content\/uploads\/2024\/10\/DSC03666-300x169.jpg 300w, https:\/\/vinkarawines.com\/en\/wp-content\/uploads\/2024\/10\/DSC03666-1024x576.jpg 1024w, https:\/\/vinkarawines.com\/en\/wp-content\/uploads\/2024\/10\/DSC03666-768x432.jpg 768w, https:\/\/vinkarawines.com\/en\/wp-content\/uploads\/2024\/10\/DSC03666-1536x864.jpg 1536w, https:\/\/vinkarawines.com\/en\/wp-content\/uploads\/2024\/10\/DSC03666-2048x1152.jpg 2048w\" sizes=\"(max-width: 2472px) 100vw, 2472px\" \/>\t\t\t\t\t\t\t\t\t\t\t\t\t\t\t<\/div>\n\t\t\t\t<\/div>\n\t\t\t\t\t<\/div>\n\t\t<\/div>\n\t\t\t\t\t<\/div>\n\t\t<\/section>\n\t\t\t\t<\/div>\n\t\t","protected":false},"excerpt":{"rendered":"<p>TEAM Founder Ard\u0131\u00e7 G\u00fcrsel Oenologist Marco Monchiero Vineyard Manager Naze G\u00fclay Factory Manager Canda\u015f M\u0131s\u0131r Production Manager Ahmet Ay Export Manager Evren \u0130seri Sales Director Serkan Uslu Yakup K\u00f6seo\u011flu<\/p>\n","protected":false},"author":1,"featured_media":1545,"parent":114,"menu_order":0,"comment_status":"closed","ping_status":"closed","template":"","meta":{"om_disable_all_campaigns":false,"footnotes":""},"class_list":["post-988313","page","type-page","status-publish","has-post-thumbnail","hentry"],"aioseo_notices":[],"_links":{"self":[{"href":"https:\/\/vinkarawines.com\/en\/wp-json\/wp\/v2\/pages\/988313","targetHints":{"allow":["GET"]}}],"collection":[{"href":"https:\/\/vinkarawines.com\/en\/wp-json\/wp\/v2\/pages"}],"about":[{"href":"https:\/\/vinkarawines.com\/en\/wp-json\/wp\/v2\/types\/page"}],"author":[{"embeddable":true,"href":"https:\/\/vinkarawines.com\/en\/wp-json\/wp\/v2\/users\/1"}],"replies":[{"embeddable":true,"href":"https:\/\/vinkarawines.com\/en\/wp-json\/wp\/v2\/comments?post=988313"}],"version-history":[{"count":162,"href":"https:\/\/vinkarawines.com\/en\/wp-json\/wp\/v2\/pages\/988313\/revisions"}],"predecessor-version":[{"id":990964,"href":"https:\/\/vinkarawines.com\/en\/wp-json\/wp\/v2\/pages\/988313\/revisions\/990964"}],"up":[{"embeddable":true,"href":"https:\/\/vinkarawines.com\/en\/wp-json\/wp\/v2\/pages\/114"}],"wp:featuredmedia":[{"embeddable":true,"href":"https:\/\/vinkarawines.com\/en\/wp-json\/wp\/v2\/media\/1545"}],"wp:attachment":[{"href":"https:\/\/vinkarawines.com\/en\/wp-json\/wp\/v2\/media?parent=988313"}],"curies":[{"name":"wp","href":"https:\/\/api.w.org\/{rel}","templated":true}]}}