{"id":988655,"date":"2024-09-16T10:27:47","date_gmt":"2024-09-16T10:27:47","guid":{"rendered":"https:\/\/vinkarawines.com\/en\/?page_id=988655"},"modified":"2025-09-08T08:44:48","modified_gmt":"2025-09-08T08:44:48","slug":"terroir","status":"publish","type":"page","link":"https:\/\/vinkarawines.com\/en\/terroir\/","title":{"rendered":"Terroir"},"content":{"rendered":"\t\t<div data-elementor-type=\"wp-page\" data-elementor-id=\"988655\" class=\"elementor elementor-988655\" data-elementor-post-type=\"page\">\n\t\t\t\t\t\t<section class=\"elementor-section elementor-top-section elementor-element elementor-element-3421e2c elementor-section-full_width elementor-section-height-min-height elementor-hidden-mobile elementor-section-height-default elementor-section-items-middle\" data-id=\"3421e2c\" data-element_type=\"section\" data-settings=\"{&quot;background_background&quot;:&quot;video&quot;,&quot;background_video_link&quot;:&quot;https:\\\/\\\/vinkarawines.com\\\/en\\\/wp-content\\\/uploads\\\/2024\\\/10\\\/video-02_v2.mp4&quot;,&quot;background_play_on_mobile&quot;:&quot;yes&quot;}\">\n\t\t\t\t\t\t\t\t<div class=\"elementor-background-video-container\" aria-hidden=\"true\">\n\t\t\t\t\t\t\t\t\t\t\t\t\t<video class=\"elementor-background-video-hosted\" autoplay muted playsinline loop><\/video>\n\t\t\t\t\t\t\t\t\t\t\t<\/div>\n\t\t\t\t\t\t\t\t\t<div class=\"elementor-background-overlay\"><\/div>\n\t\t\t\t\t\t\t<div class=\"elementor-container elementor-column-gap-default\">\n\t\t\t\t\t<div class=\"elementor-column elementor-col-100 elementor-top-column elementor-element elementor-element-5cf2f18\" data-id=\"5cf2f18\" data-element_type=\"column\">\n\t\t\t<div class=\"elementor-widget-wrap\">\n\t\t\t\t\t\t\t<\/div>\n\t\t<\/div>\n\t\t\t\t\t<\/div>\n\t\t<\/section>\n\t\t\t\t<section class=\"elementor-section elementor-top-section elementor-element elementor-element-a909570 elementor-section-full_width elementor-hidden-desktop elementor-hidden-tablet elementor-section-height-default elementor-section-height-default\" data-id=\"a909570\" data-element_type=\"section\" data-settings=\"{&quot;background_background&quot;:&quot;video&quot;,&quot;background_play_on_mobile&quot;:&quot;yes&quot;}\">\n\t\t\t\t\t\t\t<div class=\"elementor-background-overlay\"><\/div>\n\t\t\t\t\t\t\t<div class=\"elementor-container elementor-column-gap-default\">\n\t\t\t\t\t<div class=\"elementor-column elementor-col-100 elementor-top-column elementor-element elementor-element-1697fab\" data-id=\"1697fab\" data-element_type=\"column\">\n\t\t\t<div class=\"elementor-widget-wrap elementor-element-populated\">\n\t\t\t\t\t\t<div class=\"elementor-element elementor-element-48e0b7d elementor-widget elementor-widget-html\" data-id=\"48e0b7d\" data-element_type=\"widget\" data-widget_type=\"html.default\">\n\t\t\t\t<div class=\"elementor-widget-container\">\n\t\t\t\t\t<video autoplay muted loop playsinline>\n        <source src=\"https:\/\/vinkarawines.com\/en\/wp-content\/uploads\/2024\/10\/home.mp4\" type=\"video\/mp4\">\n    <\/video>\t\t\t\t<\/div>\n\t\t\t\t<\/div>\n\t\t\t\t\t<\/div>\n\t\t<\/div>\n\t\t\t\t\t<\/div>\n\t\t<\/section>\n\t\t\t\t<section class=\"elementor-section elementor-top-section elementor-element elementor-element-9d218ba elementor-section-content-middle elementor-section-boxed elementor-section-height-default elementor-section-height-default\" data-id=\"9d218ba\" data-element_type=\"section\">\n\t\t\t\t\t\t<div class=\"elementor-container elementor-column-gap-default\">\n\t\t\t\t\t<div class=\"elementor-column elementor-col-100 elementor-top-column elementor-element elementor-element-dcc952c animated-slow elementor-invisible\" data-id=\"dcc952c\" data-element_type=\"column\" data-settings=\"{&quot;animation&quot;:&quot;fadeInUp&quot;}\">\n\t\t\t<div class=\"elementor-widget-wrap elementor-element-populated\">\n\t\t\t\t\t\t<div class=\"elementor-element elementor-element-3559161 elementor-widget elementor-widget-text-editor\" data-id=\"3559161\" data-element_type=\"widget\" data-widget_type=\"text-editor.default\">\n\t\t\t\t<div class=\"elementor-widget-container\">\n\t\t\t\t\t\t\t\t\t<h1 style=\"font-size:18px;\">KALEC\u0130K TERROIR: THE LEGACY OF KIZILIRMAK AND THE HITTITES<\/h1>\t\t\t\t\t\t\t\t<\/div>\n\t\t\t\t<\/div>\n\t\t\t\t\t<\/div>\n\t\t<\/div>\n\t\t\t\t\t<\/div>\n\t\t<\/section>\n\t\t\t\t<section class=\"elementor-section elementor-top-section elementor-element elementor-element-d495455 elementor-section-content-middle elementor-section-boxed elementor-section-height-default elementor-section-height-default\" data-id=\"d495455\" data-element_type=\"section\">\n\t\t\t\t\t\t<div class=\"elementor-container elementor-column-gap-default\">\n\t\t\t\t\t<div class=\"elementor-column elementor-col-50 elementor-top-column elementor-element elementor-element-d5cdb53 animated-slow elementor-invisible\" data-id=\"d5cdb53\" data-element_type=\"column\" data-settings=\"{&quot;animation&quot;:&quot;fadeInUp&quot;}\">\n\t\t\t<div class=\"elementor-widget-wrap elementor-element-populated\">\n\t\t\t\t\t\t<div class=\"elementor-element elementor-element-83a3e70 elementor-widget elementor-widget-image\" data-id=\"83a3e70\" data-element_type=\"widget\" data-widget_type=\"image.default\">\n\t\t\t\t<div class=\"elementor-widget-container\">\n\t\t\t\t\t\t\t\t\t\t\t\t\t\t\t<img fetchpriority=\"high\" decoding=\"async\" width=\"1200\" height=\"900\" src=\"https:\/\/vinkarawines.com\/en\/wp-content\/uploads\/2024\/10\/Kalecik_Kizilirmak.jpg\" class=\"attachment-full size-full wp-image-990470\" alt=\"\" srcset=\"https:\/\/vinkarawines.com\/en\/wp-content\/uploads\/2024\/10\/Kalecik_Kizilirmak.jpg 1200w, https:\/\/vinkarawines.com\/en\/wp-content\/uploads\/2024\/10\/Kalecik_Kizilirmak-300x225.jpg 300w, https:\/\/vinkarawines.com\/en\/wp-content\/uploads\/2024\/10\/Kalecik_Kizilirmak-1024x768.jpg 1024w, https:\/\/vinkarawines.com\/en\/wp-content\/uploads\/2024\/10\/Kalecik_Kizilirmak-768x576.jpg 768w\" sizes=\"(max-width: 1200px) 100vw, 1200px\" \/>\t\t\t\t\t\t\t\t\t\t\t\t\t\t\t<\/div>\n\t\t\t\t<\/div>\n\t\t\t\t\t<\/div>\n\t\t<\/div>\n\t\t\t\t<div class=\"elementor-column elementor-col-50 elementor-top-column elementor-element elementor-element-5c32581 animated-slow elementor-invisible\" data-id=\"5c32581\" data-element_type=\"column\" data-settings=\"{&quot;animation&quot;:&quot;fadeInUp&quot;,&quot;background_background&quot;:&quot;classic&quot;}\">\n\t\t\t<div class=\"elementor-widget-wrap elementor-element-populated\">\n\t\t\t\t\t\t<div class=\"elementor-element elementor-element-8f51dea elementor-widget elementor-widget-text-editor\" data-id=\"8f51dea\" data-element_type=\"widget\" data-widget_type=\"text-editor.default\">\n\t\t\t\t<div class=\"elementor-widget-container\">\n\t\t\t\t\t\t\t\t\t<p>Kalecik terroir is a remarkable blend of history and geography, beyond its distinct physical and geological features. Historically, the area has been deeply rooted in an extraordinary viticulture and winemaking tradition that dates back over 4,000 years, shaped by the Hattians and Hittites. This rich cultural heritage has permeated the soil, becoming an intrinsic part of the land&#8217;s identity. Geographically, the K\u0131z\u0131l\u0131rmak River plays a pivotal role in enabling viticulture in this high-altitude region with its harsh climate, making it a critical factor in Kalecik\u2019s terroir. These two elements\u2014its ancient winemaking culture and the influence of the K\u0131z\u0131l\u0131rmak River\u2014elevate Kalecik beyond the classical components of terroir, giving it immense significance for winemaking.<\/p>\t\t\t\t\t\t\t\t<\/div>\n\t\t\t\t<\/div>\n\t\t\t\t\t<\/div>\n\t\t<\/div>\n\t\t\t\t\t<\/div>\n\t\t<\/section>\n\t\t\t\t<section class=\"elementor-section elementor-top-section elementor-element elementor-element-62e982c elementor-section-content-middle elementor-hidden-tablet elementor-hidden-mobile elementor-section-boxed elementor-section-height-default elementor-section-height-default\" data-id=\"62e982c\" data-element_type=\"section\">\n\t\t\t\t\t\t<div class=\"elementor-container elementor-column-gap-default\">\n\t\t\t\t\t<div class=\"elementor-column elementor-col-50 elementor-top-column elementor-element elementor-element-c32ea52 animated-slow elementor-invisible\" data-id=\"c32ea52\" data-element_type=\"column\" data-settings=\"{&quot;animation&quot;:&quot;fadeInUp&quot;,&quot;background_background&quot;:&quot;classic&quot;}\">\n\t\t\t<div class=\"elementor-widget-wrap elementor-element-populated\">\n\t\t\t\t\t\t<div class=\"elementor-element elementor-element-f91449b elementor-widget elementor-widget-text-editor\" data-id=\"f91449b\" data-element_type=\"widget\" data-widget_type=\"text-editor.default\">\n\t\t\t\t<div class=\"elementor-widget-container\">\n\t\t\t\t\t\t\t\t\t<p>Kalecik offers a unique environment for wine production, characterized by its soil, climate, and geography. Situated along the K\u0131z\u0131l\u0131rmak Valley, the region benefits from a microclimate that moderates the extreme effects of its continental climate. Its alluvial, sandy, and clay-rich soils provide the vines with ideal moisture levels, while deep-rooting allows the grapes to absorb essential minerals. The high elevation and significant diurnal temperature variation help preserve acidity and develop intense aromas in the grapes. Particularly known for its thin-skinned Kalecik Karas\u0131 grape, the terroir produces wines with soft tannins and fruity aromas. The natural ventilation provided by regional winds reduces disease risks, and a blend of traditional and modern agricultural practices contributes to the distinct character of the region&#8217;s wines.<\/p>\t\t\t\t\t\t\t\t<\/div>\n\t\t\t\t<\/div>\n\t\t\t\t\t<\/div>\n\t\t<\/div>\n\t\t\t\t<div class=\"elementor-column elementor-col-50 elementor-top-column elementor-element elementor-element-2384827 animated-slow elementor-invisible\" data-id=\"2384827\" data-element_type=\"column\" data-settings=\"{&quot;animation&quot;:&quot;fadeInUp&quot;}\">\n\t\t\t<div class=\"elementor-widget-wrap elementor-element-populated\">\n\t\t\t\t\t\t<div class=\"elementor-element elementor-element-a2f16cf elementor-widget elementor-widget-image\" data-id=\"a2f16cf\" data-element_type=\"widget\" data-widget_type=\"image.default\">\n\t\t\t\t<div class=\"elementor-widget-container\">\n\t\t\t\t\t\t\t\t\t\t\t\t\t\t\t<img decoding=\"async\" width=\"2000\" height=\"2000\" src=\"https:\/\/vinkarawines.com\/en\/wp-content\/uploads\/2024\/10\/1-6.jpg\" class=\"attachment-full size-full wp-image-990035\" alt=\"\" srcset=\"https:\/\/vinkarawines.com\/en\/wp-content\/uploads\/2024\/10\/1-6.jpg 2000w, https:\/\/vinkarawines.com\/en\/wp-content\/uploads\/2024\/10\/1-6-300x300.jpg 300w, https:\/\/vinkarawines.com\/en\/wp-content\/uploads\/2024\/10\/1-6-1024x1024.jpg 1024w, https:\/\/vinkarawines.com\/en\/wp-content\/uploads\/2024\/10\/1-6-150x150.jpg 150w, https:\/\/vinkarawines.com\/en\/wp-content\/uploads\/2024\/10\/1-6-768x768.jpg 768w, https:\/\/vinkarawines.com\/en\/wp-content\/uploads\/2024\/10\/1-6-1536x1536.jpg 1536w\" sizes=\"(max-width: 2000px) 100vw, 2000px\" \/>\t\t\t\t\t\t\t\t\t\t\t\t\t\t\t<\/div>\n\t\t\t\t<\/div>\n\t\t\t\t\t<\/div>\n\t\t<\/div>\n\t\t\t\t\t<\/div>\n\t\t<\/section>\n\t\t\t\t<section class=\"elementor-section elementor-top-section elementor-element elementor-element-b83718d elementor-section-content-middle elementor-hidden-desktop elementor-section-boxed elementor-section-height-default elementor-section-height-default\" data-id=\"b83718d\" data-element_type=\"section\">\n\t\t\t\t\t\t<div class=\"elementor-container elementor-column-gap-default\">\n\t\t\t\t\t<div class=\"elementor-column elementor-col-50 elementor-top-column elementor-element elementor-element-b0f8b8f animated-slow elementor-invisible\" data-id=\"b0f8b8f\" data-element_type=\"column\" data-settings=\"{&quot;animation&quot;:&quot;fadeInUp&quot;}\">\n\t\t\t<div class=\"elementor-widget-wrap elementor-element-populated\">\n\t\t\t\t\t\t<div class=\"elementor-element elementor-element-e0b231d elementor-widget elementor-widget-image\" data-id=\"e0b231d\" data-element_type=\"widget\" data-widget_type=\"image.default\">\n\t\t\t\t<div class=\"elementor-widget-container\">\n\t\t\t\t\t\t\t\t\t\t\t\t\t\t\t<img decoding=\"async\" width=\"2000\" height=\"2000\" src=\"https:\/\/vinkarawines.com\/en\/wp-content\/uploads\/2024\/10\/1-6.jpg\" class=\"attachment-full size-full wp-image-990035\" alt=\"\" srcset=\"https:\/\/vinkarawines.com\/en\/wp-content\/uploads\/2024\/10\/1-6.jpg 2000w, https:\/\/vinkarawines.com\/en\/wp-content\/uploads\/2024\/10\/1-6-300x300.jpg 300w, https:\/\/vinkarawines.com\/en\/wp-content\/uploads\/2024\/10\/1-6-1024x1024.jpg 1024w, https:\/\/vinkarawines.com\/en\/wp-content\/uploads\/2024\/10\/1-6-150x150.jpg 150w, https:\/\/vinkarawines.com\/en\/wp-content\/uploads\/2024\/10\/1-6-768x768.jpg 768w, https:\/\/vinkarawines.com\/en\/wp-content\/uploads\/2024\/10\/1-6-1536x1536.jpg 1536w\" sizes=\"(max-width: 2000px) 100vw, 2000px\" \/>\t\t\t\t\t\t\t\t\t\t\t\t\t\t\t<\/div>\n\t\t\t\t<\/div>\n\t\t\t\t\t<\/div>\n\t\t<\/div>\n\t\t\t\t<div class=\"elementor-column elementor-col-50 elementor-top-column elementor-element elementor-element-7678464 animated-slow elementor-invisible\" data-id=\"7678464\" data-element_type=\"column\" data-settings=\"{&quot;animation_mobile&quot;:&quot;fadeInUp&quot;,&quot;animation&quot;:&quot;fadeInUp&quot;,&quot;background_background&quot;:&quot;classic&quot;}\">\n\t\t\t<div class=\"elementor-widget-wrap elementor-element-populated\">\n\t\t\t\t\t\t<div class=\"elementor-element elementor-element-4662bea elementor-widget elementor-widget-text-editor\" data-id=\"4662bea\" data-element_type=\"widget\" data-widget_type=\"text-editor.default\">\n\t\t\t\t<div class=\"elementor-widget-container\">\n\t\t\t\t\t\t\t\t\t<p>Kalecik offers a unique environment for wine production, characterized by its soil, climate, and geography. Situated along the K\u0131z\u0131l\u0131rmak Valley, the region benefits from a microclimate that moderates the extreme effects of its continental climate. Its alluvial, sandy, and clay-rich soils provide the vines with ideal moisture levels, while deep-rooting allows the grapes to absorb essential minerals. The high elevation and significant diurnal temperature variation help preserve acidity and develop intense aromas in the grapes. Particularly known for its thin-skinned Kalecik Karas\u0131 grape, the terroir produces wines with soft tannins and fruity aromas. The natural ventilation provided by regional winds reduces disease risks, and a blend of traditional and modern agricultural practices contributes to the distinct character of the region&#8217;s wines.<\/p>\t\t\t\t\t\t\t\t<\/div>\n\t\t\t\t<\/div>\n\t\t\t\t\t<\/div>\n\t\t<\/div>\n\t\t\t\t\t<\/div>\n\t\t<\/section>\n\t\t\t\t<\/div>\n\t\t","protected":false},"excerpt":{"rendered":"<p>KALEC\u0130K TERROIR: THE LEGACY OF KIZILIRMAK AND THE HITTITES Kalecik terroir is a remarkable blend of history and geography, beyond its distinct physical and geological features. Historically, the area has been deeply rooted in an extraordinary viticulture and winemaking tradition that dates back over 4,000 years, shaped by the Hattians and Hittites. This rich cultural&#8230;<\/p>\n","protected":false},"author":1,"featured_media":1545,"parent":0,"menu_order":0,"comment_status":"closed","ping_status":"closed","template":"","meta":{"om_disable_all_campaigns":false,"footnotes":""},"class_list":["post-988655","page","type-page","status-publish","has-post-thumbnail","hentry"],"aioseo_notices":[],"_links":{"self":[{"href":"https:\/\/vinkarawines.com\/en\/wp-json\/wp\/v2\/pages\/988655","targetHints":{"allow":["GET"]}}],"collection":[{"href":"https:\/\/vinkarawines.com\/en\/wp-json\/wp\/v2\/pages"}],"about":[{"href":"https:\/\/vinkarawines.com\/en\/wp-json\/wp\/v2\/types\/page"}],"author":[{"embeddable":true,"href":"https:\/\/vinkarawines.com\/en\/wp-json\/wp\/v2\/users\/1"}],"replies":[{"embeddable":true,"href":"https:\/\/vinkarawines.com\/en\/wp-json\/wp\/v2\/comments?post=988655"}],"version-history":[{"count":99,"href":"https:\/\/vinkarawines.com\/en\/wp-json\/wp\/v2\/pages\/988655\/revisions"}],"predecessor-version":[{"id":991021,"href":"https:\/\/vinkarawines.com\/en\/wp-json\/wp\/v2\/pages\/988655\/revisions\/991021"}],"wp:featuredmedia":[{"embeddable":true,"href":"https:\/\/vinkarawines.com\/en\/wp-json\/wp\/v2\/media\/1545"}],"wp:attachment":[{"href":"https:\/\/vinkarawines.com\/en\/wp-json\/wp\/v2\/media?parent=988655"}],"curies":[{"name":"wp","href":"https:\/\/api.w.org\/{rel}","templated":true}]}}